{"id":518,"date":"2025-02-23T00:10:33","date_gmt":"2025-02-23T00:10:33","guid":{"rendered":"https:\/\/travelsanjuandelsur.com\/?page_id=518"},"modified":"2025-06-11T15:27:52","modified_gmt":"2025-06-11T21:27:52","slug":"transfer-aeropuerto-nicaragua","status":"publish","type":"page","link":"https:\/\/travelsanjuandelsur.com\/index.php\/transfer-aeropuerto-nicaragua\/","title":{"rendered":"Transfers"},"content":{"rendered":"\n<div class=\"wp-block-cover alignfull has-parallax\" style=\"min-height:504px;aspect-ratio:unset;\"><span aria-hidden=\"true\" class=\"wp-block-cover__background has-background-dim-30 has-background-dim wp-block-cover__gradient-background has-background-gradient has-midnight-gradient-background\"><\/span><div role=\"img\" aria-label=\"viajes grupales\" class=\"wp-block-cover__image-background wp-image-44 has-parallax\" style=\"background-position:50% 50%;background-image:url(https:\/\/travelsanjuandelsur.com\/wp-content\/uploads\/2024\/03\/Imagen-de-WhatsApp-2023-12-05-a-las-16.23.02_3f75d686.jpg)\"><\/div><div class=\"wp-block-cover__inner-container is-layout-flow wp-block-cover-is-layout-flow\">\n<div class=\"wp-block-columns alignwide is-layout-flex wp-container-core-columns-is-layout-28f84493 wp-block-columns-is-layout-flex\">\n<div class=\"wp-block-column is-layout-flow wp-block-column-is-layout-flow\" style=\"flex-basis:55%\"><\/div>\n\n\n\n<div class=\"wp-block-column is-layout-flow wp-block-column-is-layout-flow\"><\/div>\n<\/div>\n\n\n\n<div style=\"height:227px\" aria-hidden=\"true\" class=\"wp-block-spacer\"><\/div>\n\n\n\n<h1 class=\"wp-block-heading alignwide has-text-color\" id=\"bosque-1\" style=\"color:#ffe074;font-size:64px\">Transfers<\/h1>\n<\/div><\/div>\n\n\n\n<div class=\"wp-block-greenshift-blocks-container gspb_container gspb_container-gsbp-03f6558\" id=\"gspb_container-id-gsbp-03f6558\">\n<div class=\"wp-block-greenshift-blocks-row gspb_row gspb_row-id-gsbp-6b475c9\" id=\"gspb_row-id-gsbp-6b475c9\"><div class=\"gspb_row__content\"> \n<div class=\"wp-block-greenshift-blocks-row-column gspb_row__col--3 gspb_col-id-gsbp-5761864\" id=\"gspb_col-id-gsbp-5761864\">\n<p class=\"has-text-align-left\"><strong>Transfers de aeropuerto:<\/strong><br>Traslado de viajeros desde el aeropuerto hasta su hotel u otro destino.<\/p>\n<\/div>\n\n\n\n<div class=\"wp-block-greenshift-blocks-row-column gspb_row__col--3 gspb_col-id-gsbp-53e2d1c\" id=\"gspb_col-id-gsbp-53e2d1c\">\n<p><strong>Transfers de hotel: <\/strong><br>Traslado  a hoteles o desde el hotel hasta atracciones tur\u00edsticas.<\/p>\n<\/div>\n\n\n\n<div class=\"wp-block-greenshift-blocks-row-column gspb_row__col--3 gspb_col-id-gsbp-50005fa\" id=\"gspb_col-id-gsbp-50005fa\">\n<p><strong>Transfers de terminal de buses: <\/strong><br>Traslado de viajeros desde las terminales al alojamiento.<\/p>\n<\/div>\n\n\n\n<div class=\"wp-block-greenshift-blocks-row-column gspb_row__col--3 gspb_col-id-gsbp-ee45669\" id=\"gspb_col-id-gsbp-ee45669\">\n<p><strong>Transfers para eventos:<\/strong><br>Traslado de grupos de a eventos como congresos, bodas o conciertos.<\/p>\n<\/div>\n <\/div><\/div>\n\n\n\n<figure class=\"wp-block-image size-large is-resized\"><img loading=\"lazy\" decoding=\"async\" width=\"1024\" height=\"768\" src=\"https:\/\/travelsanjuandelsur.com\/wp-content\/uploads\/2024\/03\/Imagen-de-WhatsApp-2023-12-05-a-las-16.23.34_1efedbdb-1024x768.jpg\" alt=\"\" class=\"wp-image-45\" style=\"width:692px;height:auto\" srcset=\"https:\/\/travelsanjuandelsur.com\/wp-content\/uploads\/2024\/03\/Imagen-de-WhatsApp-2023-12-05-a-las-16.23.34_1efedbdb-1024x768.jpg 1024w, https:\/\/travelsanjuandelsur.com\/wp-content\/uploads\/2024\/03\/Imagen-de-WhatsApp-2023-12-05-a-las-16.23.34_1efedbdb-300x225.jpg 300w, https:\/\/travelsanjuandelsur.com\/wp-content\/uploads\/2024\/03\/Imagen-de-WhatsApp-2023-12-05-a-las-16.23.34_1efedbdb-768x576.jpg 768w, https:\/\/travelsanjuandelsur.com\/wp-content\/uploads\/2024\/03\/Imagen-de-WhatsApp-2023-12-05-a-las-16.23.34_1efedbdb.jpg 1280w\" sizes=\"auto, (max-width: 1024px) 100vw, 1024px\" \/><\/figure>\n<\/div>\n\n\n\n<div class=\"wp-block-greenshift-blocks-container gspb_container gspb_container-gsbp-45ed372\" id=\"gspb_container-id-gsbp-45ed372\">\n<p>Servicio de transporte privado donde nos ocupamos en trasladarte de un punto de origen a un destino espec\u00edfico con un servicio personalizado en veh\u00edculos privados, siempre ponemos a opci\u00f3n de adaptabilidad seg\u00fan las necesidades espec\u00edficas del viajero, adem\u00e1s ofrecemos flexibilidad en horarios y rutas.<\/p>\n<\/div>\n\n\n\n<p><\/p>\n","protected":false},"excerpt":{"rendered":"","protected":false},"author":1,"featured_media":0,"parent":0,"menu_order":0,"comment_status":"closed","ping_status":"open","template":"","meta":{"_gspb_post_css":".gspb_container-id-gsbp-03f6558{flex-direction:column;box-sizing:border-box}#gspb_container-id-gsbp-03f6558.gspb_container>p:last-of-type,#gspb_container-id-gsbp-45ed372.gspb_container>p:last-of-type{margin-bottom:0}#gspb_container-id-gsbp-03f6558.gspb_container{position:relative;margin-bottom:0}#gspb_row-id-gsbp-6b475c9{justify-content:space-between;margin-top:0;margin-bottom:0;display:flex;flex-wrap:wrap}#gspb_row-id-gsbp-6b475c9>.gspb_row__content{display:flex;justify-content:space-between;margin:0 auto;width:100%;flex-wrap:wrap}.gspb_row{position:relative}div[id^=gspb_col-id]{box-sizing:border-box;position:relative;padding:var(--gs-row-column-padding, 15px min(3vw, 20px))}body.gspb-bodyfront #gspb_row-id-gsbp-6b475c9>.gspb_row__content{max-width:var(--wp--custom--ast-content-width-size, 1200px)}#gspb_col-id-gsbp-5761864.gspb_row__col--3{width:25%}@media (max-width:575.98px){#gspb_col-id-gsbp-5761864.gspb_row__col--3{width:100%}}#gspb_col-id-gsbp-53e2d1c.gspb_row__col--3{width:25%}@media (max-width:575.98px){#gspb_col-id-gsbp-53e2d1c.gspb_row__col--3{width:100%}}#gspb_col-id-gsbp-50005fa.gspb_row__col--3{width:25%}@media (max-width:575.98px){#gspb_col-id-gsbp-50005fa.gspb_row__col--3{width:100%}}#gspb_col-id-gsbp-ee45669.gspb_row__col--3{width:25%}@media (max-width:575.98px){#gspb_col-id-gsbp-ee45669.gspb_row__col--3{width:100%}}.gspb_container-id-gsbp-45ed372{flex-direction:column;box-sizing:border-box}#gspb_container-id-gsbp-45ed372.gspb_container{position:relative}","om_disable_all_campaigns":false,"_monsterinsights_skip_tracking":false,"_monsterinsights_sitenote_active":false,"_monsterinsights_sitenote_note":"","_monsterinsights_sitenote_category":0,"site-sidebar-layout":"default","site-content-layout":"","ast-site-content-layout":"","site-content-style":"default","site-sidebar-style":"default","ast-global-header-display":"","ast-banner-title-visibility":"","ast-main-header-display":"","ast-hfb-above-header-display":"","ast-hfb-below-header-display":"","ast-hfb-mobile-header-display":"","site-post-title":"disabled","ast-breadcrumbs-content":"","ast-featured-img":"","footer-sml-layout":"","ast-disable-related-posts":"","theme-transparent-header-meta":"","adv-header-id-meta":"","stick-header-meta":"","header-above-stick-meta":"","header-main-stick-meta":"","header-below-stick-meta":"","astra-migrate-meta-layouts":"default","ast-page-background-enabled":"default","ast-page-background-meta":{"desktop":{"background-color":"var(--ast-global-color-4)","background-image":"","background-repeat":"repeat","background-position":"center center","background-size":"auto","background-attachment":"scroll","background-type":"","background-media":"","overlay-type":"","overlay-color":"","overlay-opacity":"","overlay-gradient":""},"tablet":{"background-color":"","background-image":"","background-repeat":"repeat","background-position":"center center","background-size":"auto","background-attachment":"scroll","background-type":"","background-media":"","overlay-type":"","overlay-color":"","overlay-opacity":"","overlay-gradient":""},"mobile":{"background-color":"","background-image":"","background-repeat":"repeat","background-position":"center center","background-size":"auto","background-attachment":"scroll","background-type":"","background-media":"","overlay-type":"","overlay-color":"","overlay-opacity":"","overlay-gradient":""}},"ast-content-background-meta":{"desktop":{"background-color":"var(--ast-global-color-5)","background-image":"","background-repeat":"repeat","background-position":"center center","background-size":"auto","background-attachment":"scroll","background-type":"","background-media":"","overlay-type":"","overlay-color":"","overlay-opacity":"","overlay-gradient":""},"tablet":{"background-color":"var(--ast-global-color-5)","background-image":"","background-repeat":"repeat","background-position":"center center","background-size":"auto","background-attachment":"scroll","background-type":"","background-media":"","overlay-type":"","overlay-color":"","overlay-opacity":"","overlay-gradient":""},"mobile":{"background-color":"var(--ast-global-color-5)","background-image":"","background-repeat":"repeat","background-position":"center center","background-size":"auto","background-attachment":"scroll","background-type":"","background-media":"","overlay-type":"","overlay-color":"","overlay-opacity":"","overlay-gradient":""}},"_joinchat":[],"footnotes":""},"class_list":["post-518","page","type-page","status-publish","hentry"],"aioseo_notices":[],"jetpack_sharing_enabled":true,"_links":{"self":[{"href":"https:\/\/travelsanjuandelsur.com\/index.php\/wp-json\/wp\/v2\/pages\/518","targetHints":{"allow":["GET"]}}],"collection":[{"href":"https:\/\/travelsanjuandelsur.com\/index.php\/wp-json\/wp\/v2\/pages"}],"about":[{"href":"https:\/\/travelsanjuandelsur.com\/index.php\/wp-json\/wp\/v2\/types\/page"}],"author":[{"embeddable":true,"href":"https:\/\/travelsanjuandelsur.com\/index.php\/wp-json\/wp\/v2\/users\/1"}],"replies":[{"embeddable":true,"href":"https:\/\/travelsanjuandelsur.com\/index.php\/wp-json\/wp\/v2\/comments?post=518"}],"version-history":[{"count":30,"href":"https:\/\/travelsanjuandelsur.com\/index.php\/wp-json\/wp\/v2\/pages\/518\/revisions"}],"predecessor-version":[{"id":661,"href":"https:\/\/travelsanjuandelsur.com\/index.php\/wp-json\/wp\/v2\/pages\/518\/revisions\/661"}],"wp:attachment":[{"href":"https:\/\/travelsanjuandelsur.com\/index.php\/wp-json\/wp\/v2\/media?parent=518"}],"curies":[{"name":"wp","href":"https:\/\/api.w.org\/{rel}","templated":true}]}}